{"id":3,"date":"2021-03-07T09:51:41","date_gmt":"2021-03-07T09:51:41","guid":{"rendered":"https:\/\/meleguenun.com\/?page_id=3"},"modified":"2021-03-29T09:53:23","modified_gmt":"2021-03-29T09:53:23","slug":"privacy-policy","status":"publish","type":"page","link":"https:\/\/meleguenun.com\/en\/privacy-policy\/","title":{"rendered":"Pol\u00edtica de privacidad"},"content":{"rendered":"<h3 class=\"wp-block-heading\"><strong><u>1. RESPONSABLE DEL TRATAMIENTO<\/u><\/strong><\/h3>\n\n\n\n<p><strong>Identidad:&nbsp;<\/strong>&nbsp;Mercedes Bensad\u00f3n Benarroch<\/p>\n\n\n\n<p><strong>Correo electr\u00f3nico<\/strong>: mele@mercedesguenun.com<\/p>\n\n\n\n<h3 class=\"wp-block-heading\"><strong><u>2. \u00bfCON QU\u00c9 FINALIDAD TRATAMOS SUS DATOS PERSONALES?<\/u><\/strong><\/h3>\n\n\n\n<p>Sus datos personales s\u00f3lo se utilizar\u00e1n para las siguientes finalidades:<\/p>\n\n\n\n<p>&#8211; Facilitar la navegaci\u00f3n por el sitio web, donde podr\u00e1 conocer la obra de la autora.<\/p>\n\n\n\n<p>&#8211; Atender las solicitudes de contacto que recibamos a trav\u00e9s del formulario habilitado a tal efecto.<\/p>\n\n\n\n<p>Los datos personales proporcionados se conservar\u00e1n mientras se mantenga le relaci\u00f3n y no se solicite su supresi\u00f3n por parte del usuario y en cualquier caso en cumplimiento de plazos legales de prescripci\u00f3n que le resulten de aplicaci\u00f3n, salvo que en alg\u00fan caso concreto exista alguna situaci\u00f3n que requiera su mantenimiento puntual por un per\u00edodo m\u00e1s largo, por ejemplo, por existir una reclamaci\u00f3n o un procedimiento judicial en marcha.<\/p>\n\n\n\n<h3 class=\"wp-block-heading\"><strong><u>3. TIPOLOGIA DE DATOS<\/u><\/strong><\/h3>\n\n\n\n<p>Tratamos las siguientes categor\u00edas de datos personales:<\/p>\n\n\n\n<ul class=\"wp-block-list\"><li>Los que nos ha facilitado al cumplimentar el formulario de contacto:<\/li><\/ul>\n\n\n\n<p>Datos identificativos: nombre y apellidos<\/p>\n\n\n\n<p><br>Datos de contacto: direcci\u00f3n de correo electr\u00f3nico<\/p>\n\n\n\n<p>El usuario ser\u00e1 el \u00fanico responsable de la veracidad de los datos proporcionados.<\/p>\n\n\n\n<ul class=\"wp-block-list\"><li>Datos obtenidos de forma autom\u00e1tica a trav\u00e9s de cookies propias o de terceros con ocasi\u00f3n de su navegaci\u00f3n por nuestro sitio web:<\/li><\/ul>\n\n\n\n<ul class=\"wp-block-list\"><li>Datos de navegaci\u00f3n: direcci\u00f3n de IP.<\/li><\/ul>\n\n\n\n<p>Para conocer detalladamente el uso de Cookies en nuestro sitio web, consulte la Pol\u00edtica de Cookies&nbsp;aqu\u00ed.<\/p>\n\n\n\n<h3 class=\"wp-block-heading\"><strong><u>4. LEGITIMACI\u00d3N DEL TRATAMIENTO<\/u><\/strong><\/h3>\n\n\n\n<p>La base legal para el tratamiento de los datos es:<\/p>\n\n\n\n<ul class=\"wp-block-list\"><li>El consentimiento expreso otorgado por el interesado al enviar de forma voluntaria, libre e inequ\u00edvoca sus datos a trav\u00e9s del formulario de contacto. En caso de no facilitar los datos necesarios para estas finalidades ser\u00e1 imposible acceder a su solicitud.<\/li><li>El consentimiento para el uso de los datos obtenidos de forma autom\u00e1tica a trav\u00e9s de las cookies que se instalan cuando navega por este sitio web.<\/li><\/ul>\n\n\n\n<h3 class=\"wp-block-heading\"><strong><u>5.&nbsp; DESTINATARIOS Y TRANSFERENCIAS<\/u><\/strong><\/h3>\n\n\n\n<p>\u00danicamente se compartir\u00e1n sus datos personales con terceros <strong>por exigencia legal<\/strong>, tales como autoridades p\u00fablicas, administrativas o judiciales, como, por ejemplo, para investigar fraudes o presuntas infracciones o posibles violaciones de la seguridad, para responder a cualquier reclamaci\u00f3n o para proteger y defender legalmente los derechos de nuestros usuarios.<\/p>\n\n\n\n<p>Sus datos personales ser\u00e1n procesados dentro de la Uni\u00f3n Europea.&nbsp;<\/p>\n\n\n\n<h3 class=\"wp-block-heading\"><strong><u>6. SUS DERECHOS COMO INTERESADO<\/u><\/strong><\/h3>\n\n\n\n<p>Cualquier persona tiene derecho a obtener confirmaci\u00f3n sobre si se tratan o no datos personales que le conciernen.<\/p>\n\n\n\n<p>Por otro lado, cualquier interesado podr\u00e1 solicitar el ejercicio de los siguientes derechos ante la autora presentando una solicitud escrita al correo electr\u00f3nico que consta en el encabezamiento. En el caso de que revoque el consentimiento para almacenar y procesar sus datos, la autora no podr\u00e1 responder sus solicitudes de informaci\u00f3n. &nbsp;<\/p>\n\n\n\n<p><strong>&#8211; Derecho de acceso: <\/strong>permite al interesado conocer y obtener informaci\u00f3n sobre sus datos de car\u00e1cter personal sometidos a tratamiento.<\/p>\n\n\n\n<p><br><strong>&#8211; Derecho de rectificaci\u00f3n:&nbsp;<\/strong>permite corregir errores, modificar los datos que resulten ser inexactos o incompletos y garantizar la certeza de la informaci\u00f3n objeto del tratamiento.<\/p>\n\n\n\n<p><br><strong>&#8211;&nbsp;Derecho de supresi\u00f3n:&nbsp;<\/strong>permite que se supriman los datos que resulten ser inadecuados o excesivos.<\/p>\n\n\n\n<p><br><strong>&#8211; Derecho de oposici\u00f3n: <\/strong>derecho del interesado a que no se lleve a cabo el tratamiento de sus datos de car\u00e1cter personal o se cese en el mismo.<\/p>\n\n\n\n<p><br><strong>&#8211; Limitaci\u00f3n del tratamiento: <\/strong>conlleva el marcado de los datos personales conservados, con la finalidad de limitar su futuro tratamiento.<\/p>\n\n\n\n<p><br><strong>&#8211; Portabilidad de los datos:&nbsp;<\/strong>facilitaci\u00f3n de los datos objeto de tratamiento al interesado, a fin de que \u00e9ste pueda transmitirlos a otro responsable, sin impedimentos.<\/p>\n\n\n\n<p><br><strong>&#8211; Derecho a no ser objeto de decisiones individuales basadas solamente en procesos automatizados<\/strong>, incluida la elaboraci\u00f3n de perfiles, que produzcan efectos legales o le afecte significativamente de forma similar.<\/p>\n\n\n\n<p><br>En caso de desatenci\u00f3n de alguno de los citados derechos el interesado podr\u00e1 interponer la correspondiente reclamaci\u00f3n de tutela ante la Agencia Espa\u00f1ola de Protecci\u00f3n de Datos.<\/p>\n\n\n\n<p>Esta Pol\u00edtica de Privacidad ha sido actualizada el 25 de marzo de 2021<\/p>","protected":false},"excerpt":{"rendered":"<p>1. RESPONSABLE DEL TRATAMIENTO Identidad:&nbsp;&nbsp;Mercedes Bensad\u00f3n Benarroch Correo electr\u00f3nico: mele@mercedesguenun.com 2. \u00bfCON QU\u00c9 FINALIDAD TRATAMOS SUS DATOS PERSONALES? Sus datos personales s\u00f3lo se utilizar\u00e1n para las siguientes finalidades: &#8211; Facilitar la navegaci\u00f3n por el sitio web, donde podr\u00e1 conocer la obra de la autora. &#8211;&#8230;<\/p>","protected":false},"author":1,"featured_media":0,"parent":0,"menu_order":0,"comment_status":"closed","ping_status":"open","template":"","meta":{"_coblocks_attr":"","_coblocks_dimensions":"","_coblocks_responsive_height":"","_coblocks_accordion_ie_support":"","footnotes":""},"class_list":["post-3","page","type-page","status-publish","hentry"],"_links":{"self":[{"href":"https:\/\/meleguenun.com\/en\/wp-json\/wp\/v2\/pages\/3","targetHints":{"allow":["GET"]}}],"collection":[{"href":"https:\/\/meleguenun.com\/en\/wp-json\/wp\/v2\/pages"}],"about":[{"href":"https:\/\/meleguenun.com\/en\/wp-json\/wp\/v2\/types\/page"}],"author":[{"embeddable":true,"href":"https:\/\/meleguenun.com\/en\/wp-json\/wp\/v2\/users\/1"}],"replies":[{"embeddable":true,"href":"https:\/\/meleguenun.com\/en\/wp-json\/wp\/v2\/comments?post=3"}],"version-history":[{"count":2,"href":"https:\/\/meleguenun.com\/en\/wp-json\/wp\/v2\/pages\/3\/revisions"}],"predecessor-version":[{"id":6884,"href":"https:\/\/meleguenun.com\/en\/wp-json\/wp\/v2\/pages\/3\/revisions\/6884"}],"wp:attachment":[{"href":"https:\/\/meleguenun.com\/en\/wp-json\/wp\/v2\/media?parent=3"}],"curies":[{"name":"wp","href":"https:\/\/api.w.org\/{rel}","templated":true}]}}