{"id":7235,"date":"2023-01-24T10:46:55","date_gmt":"2023-01-24T10:46:55","guid":{"rendered":"https:\/\/meleguenun.com\/?page_id=7235"},"modified":"2023-01-24T11:57:48","modified_gmt":"2023-01-24T11:57:48","slug":"artist-statement","status":"publish","type":"page","link":"https:\/\/meleguenun.com\/en\/artist-statement\/","title":{"rendered":"Artist Statement"},"content":{"rendered":"<div class=\"vc_row wpb_row vc_row-fluid edgtf-section vc_custom_1674561466902 edgtf-content-aligment-left edgtf-grid-section\" style=\"\"><div class=\"clearfix edgtf-section-inner\"><div class=\"edgtf-section-inner-margin clearfix\"><div class=\"wpb_column vc_column_container vc_col-sm-12\"><div class=\"vc_column-inner\"><div class=\"wpb_wrapper\">\n\t<div class=\"wpb_text_column wpb_content_element\" >\n\t\t<div class=\"wpb_wrapper\">\n\t\t\t<p>My work shows a sensitivity for contemporary art and reveals a need for transparency as a leading factor, which influences my approach to art and how I try to draw the viewer in, inviting them to experience and challenge their own emotional assumptions.<\/p>\n<p>I work with dichroic glass embedded in lacquered wood, from which my designs take on light, a light that changes its hue depending on the reflections it receives. Under these lighting conditions, the glass emits the soft and changing flashes of the rainbow in pastel colours.<\/p>\n<p>My works spread echoes of freedom, thanks to the glaring brightness that flows through the crystals, transmitting positive energy and my desire to share with the world that there is always a way out.<\/p>\n<p>The biggest challenge I have encountered so far has been precisely how to show the breadth of the visual impact of my work, as it metamorphoses and multiplies under natural light.<\/p>\n<p>Currently, my new projects combine the visual with the aural, as each work is associated with a specific ASMR code, which reinforces the sensory strength of the whole while revealing the evoking power of combined arts. My work explores the layering of experience, arranging diverse representations into a harmonious ensemble.<\/p>\n<p>I believe that every piece tells a changing story which evolves around the viewer\u2019s own perception. That is what makes art such an inexhaustible source of inspiration. The ever-shifting reflections of light through glass encourage the observer to move with the flow and let their minds run free.<\/p>\n\n\t\t<\/div>\n\t<\/div>\n<\/div><\/div><\/div><\/div><\/div><\/div>","protected":false},"excerpt":{"rendered":"Mi trabajo muestra sensibilidad por el arte contempor\u00e1neo y revela una necesidad de transparencia como factor principal, lo que influye en mi enfoque del arte y c\u00f3mo trato de atraer al espectador, invit\u00e1ndolo a experimentar y desafiar sus propias asunciones emocionales. Trabajo con cristal dicroico...","protected":false},"author":1,"featured_media":0,"parent":0,"menu_order":0,"comment_status":"closed","ping_status":"closed","template":"full-width.php","meta":{"_coblocks_attr":"","_coblocks_dimensions":"","_coblocks_responsive_height":"","_coblocks_accordion_ie_support":"","footnotes":""},"class_list":["post-7235","page","type-page","status-publish","hentry"],"_links":{"self":[{"href":"https:\/\/meleguenun.com\/en\/wp-json\/wp\/v2\/pages\/7235","targetHints":{"allow":["GET"]}}],"collection":[{"href":"https:\/\/meleguenun.com\/en\/wp-json\/wp\/v2\/pages"}],"about":[{"href":"https:\/\/meleguenun.com\/en\/wp-json\/wp\/v2\/types\/page"}],"author":[{"embeddable":true,"href":"https:\/\/meleguenun.com\/en\/wp-json\/wp\/v2\/users\/1"}],"replies":[{"embeddable":true,"href":"https:\/\/meleguenun.com\/en\/wp-json\/wp\/v2\/comments?post=7235"}],"version-history":[{"count":5,"href":"https:\/\/meleguenun.com\/en\/wp-json\/wp\/v2\/pages\/7235\/revisions"}],"predecessor-version":[{"id":7242,"href":"https:\/\/meleguenun.com\/en\/wp-json\/wp\/v2\/pages\/7235\/revisions\/7242"}],"wp:attachment":[{"href":"https:\/\/meleguenun.com\/en\/wp-json\/wp\/v2\/media?parent=7235"}],"curies":[{"name":"wp","href":"https:\/\/api.w.org\/{rel}","templated":true}]}}